{"id":18,"date":"2020-02-11T17:33:56","date_gmt":"2020-02-11T17:33:56","guid":{"rendered":"http:\/\/grasbo-skola.nu\/?page_id=18"},"modified":"2021-01-14T17:59:09","modified_gmt":"2021-01-14T17:59:09","slug":"om","status":"publish","type":"page","link":"https:\/\/grasbo-skola.nu\/en\/om\/","title":{"rendered":"About"},"content":{"rendered":"","protected":false},"excerpt":{"rendered":"","protected":false},"author":1,"featured_media":0,"parent":0,"menu_order":0,"comment_status":"closed","ping_status":"closed","template":"","meta":{"footnotes":""},"class_list":["post-18","page","type-page","status-publish","hentry"],"yoast_head":"<!-- This site is optimized with the Yoast SEO plugin v27.4 - https:\/\/yoast.com\/product\/yoast-seo-wordpress\/ -->\n<title>Om - Gr\u00e4sbo Skola - En plats att komma till, f\u00f6r att komma ifr\u00e5n<\/title>\n<meta name=\"robots\" content=\"index, follow, max-snippet:-1, max-image-preview:large, max-video-preview:-1\" \/>\n<link rel=\"canonical\" href=\"https:\/\/grasbo-skola.nu\/en\/om\/\" \/>\n<meta property=\"og:locale\" content=\"en_GB\" \/>\n<meta property=\"og:type\" content=\"article\" \/>\n<meta property=\"og:title\" content=\"Om - Gr\u00e4sbo Skola - En plats att komma till, f\u00f6r att komma ifr\u00e5n\" \/>\n<meta property=\"og:url\" content=\"https:\/\/grasbo-skola.nu\/en\/om\/\" \/>\n<meta property=\"og:site_name\" content=\"Gr\u00e4sbo Skola - En plats att komma till, f\u00f6r att komma ifr\u00e5n\" \/>\n<meta property=\"article:modified_time\" content=\"2021-01-14T17:59:09+00:00\" \/>\n<meta name=\"twitter:card\" content=\"summary_large_image\" \/>\n<script type=\"application\/ld+json\" class=\"yoast-schema-graph\">{\"@context\":\"https:\\\/\\\/schema.org\",\"@graph\":[{\"@type\":\"WebPage\",\"@id\":\"https:\\\/\\\/grasbo-skola.nu\\\/en\\\/om\\\/\",\"url\":\"https:\\\/\\\/grasbo-skola.nu\\\/en\\\/om\\\/\",\"name\":\"Om - Gr\u00e4sbo Skola - En plats att komma till, f\u00f6r att komma ifr\u00e5n\",\"isPartOf\":{\"@id\":\"https:\\\/\\\/grasbo-skola.nu\\\/#website\"},\"datePublished\":\"2020-02-11T17:33:56+00:00\",\"dateModified\":\"2021-01-14T17:59:09+00:00\",\"breadcrumb\":{\"@id\":\"https:\\\/\\\/grasbo-skola.nu\\\/en\\\/om\\\/#breadcrumb\"},\"inLanguage\":\"en-GB\",\"potentialAction\":[{\"@type\":\"ReadAction\",\"target\":[\"https:\\\/\\\/grasbo-skola.nu\\\/en\\\/om\\\/\"]}]},{\"@type\":\"BreadcrumbList\",\"@id\":\"https:\\\/\\\/grasbo-skola.nu\\\/en\\\/om\\\/#breadcrumb\",\"itemListElement\":[{\"@type\":\"ListItem\",\"position\":1,\"name\":\"Hem\",\"item\":\"https:\\\/\\\/grasbo-skola.nu\\\/\"},{\"@type\":\"ListItem\",\"position\":2,\"name\":\"Om\"}]},{\"@type\":\"WebSite\",\"@id\":\"https:\\\/\\\/grasbo-skola.nu\\\/#website\",\"url\":\"https:\\\/\\\/grasbo-skola.nu\\\/\",\"name\":\"Gr\u00e4sbo Skola - En plats att komma till, f\u00f6r att komma ifr\u00e5n\",\"description\":\"Bed and Breakfast p\u00e5 landet\",\"publisher\":{\"@id\":\"https:\\\/\\\/grasbo-skola.nu\\\/#organization\"},\"potentialAction\":[{\"@type\":\"SearchAction\",\"target\":{\"@type\":\"EntryPoint\",\"urlTemplate\":\"https:\\\/\\\/grasbo-skola.nu\\\/?s={search_term_string}\"},\"query-input\":{\"@type\":\"PropertyValueSpecification\",\"valueRequired\":true,\"valueName\":\"search_term_string\"}}],\"inLanguage\":\"en-GB\"},{\"@type\":\"Organization\",\"@id\":\"https:\\\/\\\/grasbo-skola.nu\\\/#organization\",\"name\":\"Gr\u00e4sbo Skola Bed & Breakfast\",\"url\":\"https:\\\/\\\/grasbo-skola.nu\\\/\",\"logo\":{\"@type\":\"ImageObject\",\"inLanguage\":\"en-GB\",\"@id\":\"https:\\\/\\\/grasbo-skola.nu\\\/#\\\/schema\\\/logo\\\/image\\\/\",\"url\":\"https:\\\/\\\/media.grasbo-skola.nu\\\/2021\\\/11\\\/logo-1-1.png\",\"contentUrl\":\"https:\\\/\\\/media.grasbo-skola.nu\\\/2021\\\/11\\\/logo-1-1.png\",\"width\":714,\"height\":689,\"caption\":\"Gr\u00e4sbo Skola Bed & Breakfast\"},\"image\":{\"@id\":\"https:\\\/\\\/grasbo-skola.nu\\\/#\\\/schema\\\/logo\\\/image\\\/\"}}]}<\/script>\n<!-- \/ Yoast SEO plugin. -->","yoast_head_json":{"title":"Om - Gr\u00e4sbo Skola - En plats att komma till, f\u00f6r att komma ifr\u00e5n","robots":{"index":"index","follow":"follow","max-snippet":"max-snippet:-1","max-image-preview":"max-image-preview:large","max-video-preview":"max-video-preview:-1"},"canonical":"https:\/\/grasbo-skola.nu\/en\/om\/","og_locale":"en_GB","og_type":"article","og_title":"Om - Gr\u00e4sbo Skola - En plats att komma till, f\u00f6r att komma ifr\u00e5n","og_url":"https:\/\/grasbo-skola.nu\/en\/om\/","og_site_name":"Gr\u00e4sbo Skola - En plats att komma till, f\u00f6r att komma ifr\u00e5n","article_modified_time":"2021-01-14T17:59:09+00:00","twitter_card":"summary_large_image","schema":{"@context":"https:\/\/schema.org","@graph":[{"@type":"WebPage","@id":"https:\/\/grasbo-skola.nu\/en\/om\/","url":"https:\/\/grasbo-skola.nu\/en\/om\/","name":"Om - Gr\u00e4sbo Skola - En plats att komma till, f\u00f6r att komma ifr\u00e5n","isPartOf":{"@id":"https:\/\/grasbo-skola.nu\/#website"},"datePublished":"2020-02-11T17:33:56+00:00","dateModified":"2021-01-14T17:59:09+00:00","breadcrumb":{"@id":"https:\/\/grasbo-skola.nu\/en\/om\/#breadcrumb"},"inLanguage":"en-GB","potentialAction":[{"@type":"ReadAction","target":["https:\/\/grasbo-skola.nu\/en\/om\/"]}]},{"@type":"BreadcrumbList","@id":"https:\/\/grasbo-skola.nu\/en\/om\/#breadcrumb","itemListElement":[{"@type":"ListItem","position":1,"name":"Hem","item":"https:\/\/grasbo-skola.nu\/"},{"@type":"ListItem","position":2,"name":"Om"}]},{"@type":"WebSite","@id":"https:\/\/grasbo-skola.nu\/#website","url":"https:\/\/grasbo-skola.nu\/","name":"Gr\u00e4sbo Skola - En plats att komma till, f\u00f6r att komma ifr\u00e5n","description":"Bed and Breakfast p\u00e5 landet","publisher":{"@id":"https:\/\/grasbo-skola.nu\/#organization"},"potentialAction":[{"@type":"SearchAction","target":{"@type":"EntryPoint","urlTemplate":"https:\/\/grasbo-skola.nu\/?s={search_term_string}"},"query-input":{"@type":"PropertyValueSpecification","valueRequired":true,"valueName":"search_term_string"}}],"inLanguage":"en-GB"},{"@type":"Organization","@id":"https:\/\/grasbo-skola.nu\/#organization","name":"Gr\u00e4sbo Skola Bed & Breakfast","url":"https:\/\/grasbo-skola.nu\/","logo":{"@type":"ImageObject","inLanguage":"en-GB","@id":"https:\/\/grasbo-skola.nu\/#\/schema\/logo\/image\/","url":"https:\/\/media.grasbo-skola.nu\/2021\/11\/logo-1-1.png","contentUrl":"https:\/\/media.grasbo-skola.nu\/2021\/11\/logo-1-1.png","width":714,"height":689,"caption":"Gr\u00e4sbo Skola Bed & Breakfast"},"image":{"@id":"https:\/\/grasbo-skola.nu\/#\/schema\/logo\/image\/"}}]}},"_links":{"self":[{"href":"https:\/\/grasbo-skola.nu\/en\/wp-json\/wp\/v2\/pages\/18","targetHints":{"allow":["GET"]}}],"collection":[{"href":"https:\/\/grasbo-skola.nu\/en\/wp-json\/wp\/v2\/pages"}],"about":[{"href":"https:\/\/grasbo-skola.nu\/en\/wp-json\/wp\/v2\/types\/page"}],"author":[{"embeddable":true,"href":"https:\/\/grasbo-skola.nu\/en\/wp-json\/wp\/v2\/users\/1"}],"replies":[{"embeddable":true,"href":"https:\/\/grasbo-skola.nu\/en\/wp-json\/wp\/v2\/comments?post=18"}],"version-history":[{"count":3,"href":"https:\/\/grasbo-skola.nu\/en\/wp-json\/wp\/v2\/pages\/18\/revisions"}],"predecessor-version":[{"id":89,"href":"https:\/\/grasbo-skola.nu\/en\/wp-json\/wp\/v2\/pages\/18\/revisions\/89"}],"wp:attachment":[{"href":"https:\/\/grasbo-skola.nu\/en\/wp-json\/wp\/v2\/media?parent=18"}],"curies":[{"name":"wp","href":"https:\/\/api.w.org\/{rel}","templated":true}]}}