{"id":948,"date":"2024-05-24T16:08:48","date_gmt":"2024-05-24T15:08:48","guid":{"rendered":"https:\/\/grasbo-skola.nu\/?page_id=948"},"modified":"2026-02-28T17:14:39","modified_gmt":"2026-02-28T16:14:39","slug":"vara-rumspriser","status":"publish","type":"page","link":"https:\/\/grasbo-skola.nu\/en\/vara-rumspriser\/","title":{"rendered":"Our prices"},"content":{"rendered":"<ul class=\"wp-block-list\">\n<li>Per night and person SEK 675: - (bed in double room) including breakfast<\/li>\n\n\n\n<li>Single room extra charge SEK 350: - including breakfast<\/li>\n\n\n\n<li>Little flat max 3 persons 7000: - Week no breakfast<\/li>\n<\/ul>\n\n\n\n<p>Other meals on request<\/p>\n\n\n\n<p>Please contact us on further  enquiries<\/p>\n\n\n\n<p>For terms and conditions see <a href=\"https:\/\/www.bopalantgard.se\/bokningsvillkor\/\">https:\/\/www.bopalantgard.se\/bokningsvillkor\/<\/a><\/p>","protected":false},"excerpt":{"rendered":"<p>Vi har ocks\u00e5 m\u00f6jlighet att servera mat vid f\u00f6rbest\u00e4llning. Kontakta oss vid \u00f6nskem\u00e5l om mat. F\u00f6r bokningsvillkor se https:\/\/www.bopalantgard.se\/bokningsvillkor\/<\/p>","protected":false},"author":1,"featured_media":945,"parent":0,"menu_order":0,"comment_status":"closed","ping_status":"closed","template":"","meta":{"footnotes":""},"class_list":["post-948","page","type-page","status-publish","has-post-thumbnail","hentry"],"yoast_head":"<!-- This site is optimized with the Yoast SEO plugin v27.4 - https:\/\/yoast.com\/product\/yoast-seo-wordpress\/ -->\n<title>V\u00e5ra rumspriser - Gr\u00e4sbo Skola - En plats att komma till, f\u00f6r att komma ifr\u00e5n<\/title>\n<meta name=\"robots\" content=\"index, follow, max-snippet:-1, max-image-preview:large, max-video-preview:-1\" \/>\n<link rel=\"canonical\" href=\"https:\/\/grasbo-skola.nu\/en\/vara-rumspriser\/\" \/>\n<meta property=\"og:locale\" content=\"en_GB\" \/>\n<meta property=\"og:type\" content=\"article\" \/>\n<meta property=\"og:title\" content=\"V\u00e5ra rumspriser - Gr\u00e4sbo Skola - En plats att komma till, f\u00f6r att komma ifr\u00e5n\" \/>\n<meta property=\"og:description\" content=\"Vi har ocks\u00e5 m\u00f6jlighet att servera mat vid f\u00f6rbest\u00e4llning. Kontakta oss vid \u00f6nskem\u00e5l om mat. F\u00f6r bokningsvillkor se https:\/\/www.bopalantgard.se\/bokningsvillkor\/\" \/>\n<meta property=\"og:url\" content=\"https:\/\/grasbo-skola.nu\/en\/vara-rumspriser\/\" \/>\n<meta property=\"og:site_name\" content=\"Gr\u00e4sbo Skola - En plats att komma till, f\u00f6r att komma ifr\u00e5n\" \/>\n<meta property=\"article:modified_time\" content=\"2026-02-28T16:14:39+00:00\" \/>\n<meta property=\"og:image\" content=\"http:\/\/media.grasbo-skola.nu\/2024\/05\/2024-05-21-15.38.16-scaled-e1716562148927.jpg\" \/>\n\t<meta property=\"og:image:width\" content=\"1024\" \/>\n\t<meta property=\"og:image:height\" content=\"787\" \/>\n\t<meta property=\"og:image:type\" content=\"image\/jpeg\" \/>\n<meta name=\"twitter:card\" content=\"summary_large_image\" \/>\n<meta name=\"twitter:label1\" content=\"Estimated reading time\" \/>\n\t<meta name=\"twitter:data1\" content=\"1 minute\" \/>\n<script type=\"application\/ld+json\" class=\"yoast-schema-graph\">{\"@context\":\"https:\\\/\\\/schema.org\",\"@graph\":[{\"@type\":\"WebPage\",\"@id\":\"https:\\\/\\\/grasbo-skola.nu\\\/vara-rumspriser\\\/\",\"url\":\"https:\\\/\\\/grasbo-skola.nu\\\/vara-rumspriser\\\/\",\"name\":\"V\u00e5ra rumspriser - Gr\u00e4sbo Skola - En plats att komma till, f\u00f6r att komma ifr\u00e5n\",\"isPartOf\":{\"@id\":\"https:\\\/\\\/grasbo-skola.nu\\\/#website\"},\"primaryImageOfPage\":{\"@id\":\"https:\\\/\\\/grasbo-skola.nu\\\/vara-rumspriser\\\/#primaryimage\"},\"image\":{\"@id\":\"https:\\\/\\\/grasbo-skola.nu\\\/vara-rumspriser\\\/#primaryimage\"},\"thumbnailUrl\":\"https:\\\/\\\/media.grasbo-skola.nu\\\/2024\\\/05\\\/2024-05-21-15.38.16-scaled-e1716562148927.jpg\",\"datePublished\":\"2024-05-24T15:08:48+00:00\",\"dateModified\":\"2026-02-28T16:14:39+00:00\",\"breadcrumb\":{\"@id\":\"https:\\\/\\\/grasbo-skola.nu\\\/vara-rumspriser\\\/#breadcrumb\"},\"inLanguage\":\"en-GB\",\"potentialAction\":[{\"@type\":\"ReadAction\",\"target\":[\"https:\\\/\\\/grasbo-skola.nu\\\/vara-rumspriser\\\/\"]}]},{\"@type\":\"ImageObject\",\"inLanguage\":\"en-GB\",\"@id\":\"https:\\\/\\\/grasbo-skola.nu\\\/vara-rumspriser\\\/#primaryimage\",\"url\":\"https:\\\/\\\/media.grasbo-skola.nu\\\/2024\\\/05\\\/2024-05-21-15.38.16-scaled-e1716562148927.jpg\",\"contentUrl\":\"https:\\\/\\\/media.grasbo-skola.nu\\\/2024\\\/05\\\/2024-05-21-15.38.16-scaled-e1716562148927.jpg\",\"width\":1024,\"height\":787},{\"@type\":\"BreadcrumbList\",\"@id\":\"https:\\\/\\\/grasbo-skola.nu\\\/vara-rumspriser\\\/#breadcrumb\",\"itemListElement\":[{\"@type\":\"ListItem\",\"position\":1,\"name\":\"Hem\",\"item\":\"https:\\\/\\\/grasbo-skola.nu\\\/\"},{\"@type\":\"ListItem\",\"position\":2,\"name\":\"V\u00e5ra rumspriser\"}]},{\"@type\":\"WebSite\",\"@id\":\"https:\\\/\\\/grasbo-skola.nu\\\/#website\",\"url\":\"https:\\\/\\\/grasbo-skola.nu\\\/\",\"name\":\"Gr\u00e4sbo Skola - En plats att komma till, f\u00f6r att komma ifr\u00e5n\",\"description\":\"Bed and Breakfast p\u00e5 landet\",\"publisher\":{\"@id\":\"https:\\\/\\\/grasbo-skola.nu\\\/#organization\"},\"potentialAction\":[{\"@type\":\"SearchAction\",\"target\":{\"@type\":\"EntryPoint\",\"urlTemplate\":\"https:\\\/\\\/grasbo-skola.nu\\\/?s={search_term_string}\"},\"query-input\":{\"@type\":\"PropertyValueSpecification\",\"valueRequired\":true,\"valueName\":\"search_term_string\"}}],\"inLanguage\":\"en-GB\"},{\"@type\":\"Organization\",\"@id\":\"https:\\\/\\\/grasbo-skola.nu\\\/#organization\",\"name\":\"Gr\u00e4sbo Skola Bed & Breakfast\",\"url\":\"https:\\\/\\\/grasbo-skola.nu\\\/\",\"logo\":{\"@type\":\"ImageObject\",\"inLanguage\":\"en-GB\",\"@id\":\"https:\\\/\\\/grasbo-skola.nu\\\/#\\\/schema\\\/logo\\\/image\\\/\",\"url\":\"https:\\\/\\\/media.grasbo-skola.nu\\\/2021\\\/11\\\/logo-1-1.png\",\"contentUrl\":\"https:\\\/\\\/media.grasbo-skola.nu\\\/2021\\\/11\\\/logo-1-1.png\",\"width\":714,\"height\":689,\"caption\":\"Gr\u00e4sbo Skola Bed & Breakfast\"},\"image\":{\"@id\":\"https:\\\/\\\/grasbo-skola.nu\\\/#\\\/schema\\\/logo\\\/image\\\/\"}}]}<\/script>\n<!-- \/ Yoast SEO plugin. -->","yoast_head_json":{"title":"V\u00e5ra rumspriser - Gr\u00e4sbo Skola - En plats att komma till, f\u00f6r att komma ifr\u00e5n","robots":{"index":"index","follow":"follow","max-snippet":"max-snippet:-1","max-image-preview":"max-image-preview:large","max-video-preview":"max-video-preview:-1"},"canonical":"https:\/\/grasbo-skola.nu\/en\/vara-rumspriser\/","og_locale":"en_GB","og_type":"article","og_title":"V\u00e5ra rumspriser - Gr\u00e4sbo Skola - En plats att komma till, f\u00f6r att komma ifr\u00e5n","og_description":"Vi har ocks\u00e5 m\u00f6jlighet att servera mat vid f\u00f6rbest\u00e4llning. Kontakta oss vid \u00f6nskem\u00e5l om mat. F\u00f6r bokningsvillkor se https:\/\/www.bopalantgard.se\/bokningsvillkor\/","og_url":"https:\/\/grasbo-skola.nu\/en\/vara-rumspriser\/","og_site_name":"Gr\u00e4sbo Skola - En plats att komma till, f\u00f6r att komma ifr\u00e5n","article_modified_time":"2026-02-28T16:14:39+00:00","og_image":[{"width":1024,"height":787,"url":"http:\/\/media.grasbo-skola.nu\/2024\/05\/2024-05-21-15.38.16-scaled-e1716562148927.jpg","type":"image\/jpeg"}],"twitter_card":"summary_large_image","twitter_misc":{"Estimated reading time":"1 minute"},"schema":{"@context":"https:\/\/schema.org","@graph":[{"@type":"WebPage","@id":"https:\/\/grasbo-skola.nu\/vara-rumspriser\/","url":"https:\/\/grasbo-skola.nu\/vara-rumspriser\/","name":"V\u00e5ra rumspriser - Gr\u00e4sbo Skola - En plats att komma till, f\u00f6r att komma ifr\u00e5n","isPartOf":{"@id":"https:\/\/grasbo-skola.nu\/#website"},"primaryImageOfPage":{"@id":"https:\/\/grasbo-skola.nu\/vara-rumspriser\/#primaryimage"},"image":{"@id":"https:\/\/grasbo-skola.nu\/vara-rumspriser\/#primaryimage"},"thumbnailUrl":"https:\/\/media.grasbo-skola.nu\/2024\/05\/2024-05-21-15.38.16-scaled-e1716562148927.jpg","datePublished":"2024-05-24T15:08:48+00:00","dateModified":"2026-02-28T16:14:39+00:00","breadcrumb":{"@id":"https:\/\/grasbo-skola.nu\/vara-rumspriser\/#breadcrumb"},"inLanguage":"en-GB","potentialAction":[{"@type":"ReadAction","target":["https:\/\/grasbo-skola.nu\/vara-rumspriser\/"]}]},{"@type":"ImageObject","inLanguage":"en-GB","@id":"https:\/\/grasbo-skola.nu\/vara-rumspriser\/#primaryimage","url":"https:\/\/media.grasbo-skola.nu\/2024\/05\/2024-05-21-15.38.16-scaled-e1716562148927.jpg","contentUrl":"https:\/\/media.grasbo-skola.nu\/2024\/05\/2024-05-21-15.38.16-scaled-e1716562148927.jpg","width":1024,"height":787},{"@type":"BreadcrumbList","@id":"https:\/\/grasbo-skola.nu\/vara-rumspriser\/#breadcrumb","itemListElement":[{"@type":"ListItem","position":1,"name":"Hem","item":"https:\/\/grasbo-skola.nu\/"},{"@type":"ListItem","position":2,"name":"V\u00e5ra rumspriser"}]},{"@type":"WebSite","@id":"https:\/\/grasbo-skola.nu\/#website","url":"https:\/\/grasbo-skola.nu\/","name":"Gr\u00e4sbo Skola - En plats att komma till, f\u00f6r att komma ifr\u00e5n","description":"Bed and Breakfast p\u00e5 landet","publisher":{"@id":"https:\/\/grasbo-skola.nu\/#organization"},"potentialAction":[{"@type":"SearchAction","target":{"@type":"EntryPoint","urlTemplate":"https:\/\/grasbo-skola.nu\/?s={search_term_string}"},"query-input":{"@type":"PropertyValueSpecification","valueRequired":true,"valueName":"search_term_string"}}],"inLanguage":"en-GB"},{"@type":"Organization","@id":"https:\/\/grasbo-skola.nu\/#organization","name":"Gr\u00e4sbo Skola Bed & Breakfast","url":"https:\/\/grasbo-skola.nu\/","logo":{"@type":"ImageObject","inLanguage":"en-GB","@id":"https:\/\/grasbo-skola.nu\/#\/schema\/logo\/image\/","url":"https:\/\/media.grasbo-skola.nu\/2021\/11\/logo-1-1.png","contentUrl":"https:\/\/media.grasbo-skola.nu\/2021\/11\/logo-1-1.png","width":714,"height":689,"caption":"Gr\u00e4sbo Skola Bed & Breakfast"},"image":{"@id":"https:\/\/grasbo-skola.nu\/#\/schema\/logo\/image\/"}}]}},"_links":{"self":[{"href":"https:\/\/grasbo-skola.nu\/en\/wp-json\/wp\/v2\/pages\/948","targetHints":{"allow":["GET"]}}],"collection":[{"href":"https:\/\/grasbo-skola.nu\/en\/wp-json\/wp\/v2\/pages"}],"about":[{"href":"https:\/\/grasbo-skola.nu\/en\/wp-json\/wp\/v2\/types\/page"}],"author":[{"embeddable":true,"href":"https:\/\/grasbo-skola.nu\/en\/wp-json\/wp\/v2\/users\/1"}],"replies":[{"embeddable":true,"href":"https:\/\/grasbo-skola.nu\/en\/wp-json\/wp\/v2\/comments?post=948"}],"version-history":[{"count":5,"href":"https:\/\/grasbo-skola.nu\/en\/wp-json\/wp\/v2\/pages\/948\/revisions"}],"predecessor-version":[{"id":1023,"href":"https:\/\/grasbo-skola.nu\/en\/wp-json\/wp\/v2\/pages\/948\/revisions\/1023"}],"wp:featuredmedia":[{"embeddable":true,"href":"https:\/\/grasbo-skola.nu\/en\/wp-json\/wp\/v2\/media\/945"}],"wp:attachment":[{"href":"https:\/\/grasbo-skola.nu\/en\/wp-json\/wp\/v2\/media?parent=948"}],"curies":[{"name":"wp","href":"https:\/\/api.w.org\/{rel}","templated":true}]}}